{"id":78,"date":"2018-03-05T18:37:49","date_gmt":"2018-03-05T17:37:49","guid":{"rendered":"https:\/\/www.fskowi.rwth-aachen.de\/foobar\/?page_id=78"},"modified":"2020-11-10T21:19:07","modified_gmt":"2020-11-10T20:19:07","slug":"kontakt","status":"publish","type":"page","link":"https:\/\/www.fskowi.rwth-aachen.de\/","title":{"rendered":""},"content":{"rendered":"\n<!-- <p>[ditty_news_ticker id=\"2313\"]<\/p> -->\n\r\n\t\t<div class=\"sp_wpspwpost_static wpspw-design-1 wpspw-grid-1 wpspw-clearfix \">\r\n\r\n\t\t\t\r\n<div class=\"wpspw-post-grid wpspw-medium-12 wpspw-columns \">\r\n\t<div class=\"wpspw-post-grid-content  \">\r\n\r\n\t\t\t\t\t<div class=\"wpspw-post-image-bg\">\r\n\t\t\t\t<a href=\"https:\/\/www.fskowi.rwth-aachen.de\/index.php\/2026\/05\/08\/spielenachmittag-12-05-1615\/\">\r\n\t\t\t\t\t<img decoding=\"async\" src=\"https:\/\/www.fskowi.rwth-aachen.de\/wp-content\/uploads\/2026\/05\/Kopie-von-FS-laedt-ein-6.5-1.png\" alt=\"Spielenachmittag! [12.05., 16:15]\" \/>\r\n\t\t\t\t<\/a>\r\n\t\t\t<\/div>\r\n\t\t\t\t\t<div class=\"wpspw-post-categories\"><a href=\"https:\/\/www.fskowi.rwth-aachen.de\/index.php\/category\/allgemein\/\">Allgemein<\/a><\/div>\r\n\t\t\r\n\t\t<h2 class=\"wpspw-post-title\">\r\n\t\t\t<a href=\"https:\/\/www.fskowi.rwth-aachen.de\/index.php\/2026\/05\/08\/spielenachmittag-12-05-1615\/\">Spielenachmittag! [12.05., 16:15]<\/a>\r\n\t\t<\/h2>\r\n\r\n\t\t\t\t\t<div class=\"wpspw-post-date\">\r\n\t\t\t\t\t\t\t\t\t<span>\r\n\t\t\t\t\t\tBy <a href=\"https:\/\/www.fskowi.rwth-aachen.de\/index.php\/author\/malbrecht\/\">malbrecht<\/a>\r\n\t\t\t\t\t<\/span>\r\n\t\t\t\t&nbsp;\/&nbsp;8. Mai 2026\t\t\t<\/div>\r\n\t\t\t\t\t<div class=\"wpspw-post-content\">\r\n\t\t\t\t\t\t\t\t\t<div>\r\n\t\t\t\t\t\tLiebe Studis, Das Sommersemester ist in vollem Gange und auch der Fr\u00fchling macht sich bemerkbar.Um dennoch ein wenig Freizeitspa\u00df in...\t\t\t\t\t<\/div>\r\n\t\t\t\t\t<a class=\"wpspw-readmorebtn\" href=\"https:\/\/www.fskowi.rwth-aachen.de\/index.php\/2026\/05\/08\/spielenachmittag-12-05-1615\/\">Read More<\/a>\r\n\t\t\t\t\t\t\t<\/div>\r\n\t\t\t<\/div>\r\n<\/div>\r\n<div class=\"wpspw-post-grid wpspw-medium-12 wpspw-columns \">\r\n\t<div class=\"wpspw-post-grid-content  \">\r\n\r\n\t\t\t\t\t<div class=\"wpspw-post-image-bg\">\r\n\t\t\t\t<a href=\"https:\/\/www.fskowi.rwth-aachen.de\/index.php\/2026\/03\/24\/lehrveranstaltungsanmeldung\/\">\r\n\t\t\t\t\t<img decoding=\"async\" src=\"https:\/\/www.fskowi.rwth-aachen.de\/wp-content\/uploads\/2026\/03\/Kopie-von-Reminder-LV-Anmeldung-2.png\" alt=\"Lehrveranstaltungsanmeldung\" \/>\r\n\t\t\t\t<\/a>\r\n\t\t\t<\/div>\r\n\t\t\t\t\t<div class=\"wpspw-post-categories\"><a href=\"https:\/\/www.fskowi.rwth-aachen.de\/index.php\/category\/allgemein\/\">Allgemein<\/a><\/div>\r\n\t\t\r\n\t\t<h2 class=\"wpspw-post-title\">\r\n\t\t\t<a href=\"https:\/\/www.fskowi.rwth-aachen.de\/index.php\/2026\/03\/24\/lehrveranstaltungsanmeldung\/\">Lehrveranstaltungsanmeldung<\/a>\r\n\t\t<\/h2>\r\n\r\n\t\t\t\t\t<div class=\"wpspw-post-date\">\r\n\t\t\t\t\t\t\t\t\t<span>\r\n\t\t\t\t\t\tBy <a href=\"https:\/\/www.fskowi.rwth-aachen.de\/index.php\/author\/malbrecht\/\">malbrecht<\/a>\r\n\t\t\t\t\t<\/span>\r\n\t\t\t\t&nbsp;\/&nbsp;24. M\u00e4rz 2026\t\t\t<\/div>\r\n\t\t\t\t\t<div class=\"wpspw-post-content\">\r\n\t\t\t\t\t\t\t\t\t<div>\r\n\t\t\t\t\t\tLiebe Studis, nach der Klausurenphase ist bekanntlich vor dem neuen Semester, deswegen denkt an die Anmeldung f\u00fcr eure neuen Lehrveranstaltungen....\t\t\t\t\t<\/div>\r\n\t\t\t\t\t<a class=\"wpspw-readmorebtn\" href=\"https:\/\/www.fskowi.rwth-aachen.de\/index.php\/2026\/03\/24\/lehrveranstaltungsanmeldung\/\">Read More<\/a>\r\n\t\t\t\t\t\t\t<\/div>\r\n\t\t\t<\/div>\r\n<\/div>\r\n<div class=\"wpspw-post-grid wpspw-medium-12 wpspw-columns \">\r\n\t<div class=\"wpspw-post-grid-content  \">\r\n\r\n\t\t\t\t\t<div class=\"wpspw-post-image-bg\">\r\n\t\t\t\t<a href=\"https:\/\/www.fskowi.rwth-aachen.de\/index.php\/2026\/01\/12\/pruefungsanmeldung\/\">\r\n\t\t\t\t\t<img decoding=\"async\" src=\"https:\/\/www.fskowi.rwth-aachen.de\/wp-content\/uploads\/2026\/01\/WhatsApp-Image-2026-01-12-at-12.30.16.jpeg\" alt=\"Pr\u00fcfungsanmeldung!\" \/>\r\n\t\t\t\t<\/a>\r\n\t\t\t<\/div>\r\n\t\t\t\t\t<div class=\"wpspw-post-categories\"><a href=\"https:\/\/www.fskowi.rwth-aachen.de\/index.php\/category\/allgemein\/\">Allgemein<\/a><\/div>\r\n\t\t\r\n\t\t<h2 class=\"wpspw-post-title\">\r\n\t\t\t<a href=\"https:\/\/www.fskowi.rwth-aachen.de\/index.php\/2026\/01\/12\/pruefungsanmeldung\/\">Pr\u00fcfungsanmeldung!<\/a>\r\n\t\t<\/h2>\r\n\r\n\t\t\t\t\t<div class=\"wpspw-post-date\">\r\n\t\t\t\t\t\t\t\t\t<span>\r\n\t\t\t\t\t\tBy <a href=\"https:\/\/www.fskowi.rwth-aachen.de\/index.php\/author\/malbrecht\/\">malbrecht<\/a>\r\n\t\t\t\t\t<\/span>\r\n\t\t\t\t&nbsp;\/&nbsp;12. Januar 2026\t\t\t<\/div>\r\n\t\t\t\t\t<div class=\"wpspw-post-content\">\r\n\t\t\t\t\t\t\t\t\t<div>\r\n\t\t\t\t\t\t\t\t\t\t\t<\/div>\r\n\t\t\t\t\t<a class=\"wpspw-readmorebtn\" href=\"https:\/\/www.fskowi.rwth-aachen.de\/index.php\/2026\/01\/12\/pruefungsanmeldung\/\">Read More<\/a>\r\n\t\t\t\t\t\t\t<\/div>\r\n\t\t\t<\/div>\r\n<\/div>\r\n<div class=\"wpspw-post-grid wpspw-medium-12 wpspw-columns \">\r\n\t<div class=\"wpspw-post-grid-content  \">\r\n\r\n\t\t\t\t\t<div class=\"wpspw-post-image-bg\">\r\n\t\t\t\t<a href=\"https:\/\/www.fskowi.rwth-aachen.de\/index.php\/2026\/01\/01\/frohes-neues\/\">\r\n\t\t\t\t\t<img decoding=\"async\" src=\"https:\/\/www.fskowi.rwth-aachen.de\/wp-content\/uploads\/2025\/12\/IMG_7328.jpg\" alt=\"FROHES NEUES!\" \/>\r\n\t\t\t\t<\/a>\r\n\t\t\t<\/div>\r\n\t\t\t\t\t<div class=\"wpspw-post-categories\"><a href=\"https:\/\/www.fskowi.rwth-aachen.de\/index.php\/category\/allgemein\/\">Allgemein<\/a><\/div>\r\n\t\t\r\n\t\t<h2 class=\"wpspw-post-title\">\r\n\t\t\t<a href=\"https:\/\/www.fskowi.rwth-aachen.de\/index.php\/2026\/01\/01\/frohes-neues\/\">FROHES NEUES!<\/a>\r\n\t\t<\/h2>\r\n\r\n\t\t\t\t\t<div class=\"wpspw-post-date\">\r\n\t\t\t\t\t\t\t\t\t<span>\r\n\t\t\t\t\t\tBy <a href=\"https:\/\/www.fskowi.rwth-aachen.de\/index.php\/author\/malbrecht\/\">malbrecht<\/a>\r\n\t\t\t\t\t<\/span>\r\n\t\t\t\t&nbsp;\/&nbsp;1. Januar 2026\t\t\t<\/div>\r\n\t\t\t\t\t<div class=\"wpspw-post-content\">\r\n\t\t\t\t\t\t\t\t\t<div>\r\n\t\t\t\t\t\tLiebe Studis, Wir hoffen ihr hattet alle eine sch\u00f6ne Silvester Nacht und einen guten Start in das neue Jahr.\u00a0\ud83c\udf86Geniest den...\t\t\t\t\t<\/div>\r\n\t\t\t\t\t<a class=\"wpspw-readmorebtn\" href=\"https:\/\/www.fskowi.rwth-aachen.de\/index.php\/2026\/01\/01\/frohes-neues\/\">Read More<\/a>\r\n\t\t\t\t\t\t\t<\/div>\r\n\t\t\t<\/div>\r\n<\/div>\r\n<div class=\"wpspw-post-grid wpspw-medium-12 wpspw-columns \">\r\n\t<div class=\"wpspw-post-grid-content  \">\r\n\r\n\t\t\t\t\t<div class=\"wpspw-post-image-bg\">\r\n\t\t\t\t<a href=\"https:\/\/www.fskowi.rwth-aachen.de\/index.php\/2025\/12\/28\/geniesst-die-ferien\/\">\r\n\t\t\t\t\t<img decoding=\"async\" src=\"https:\/\/www.fskowi.rwth-aachen.de\/wp-content\/uploads\/2025\/12\/IMG_3237-scaled.jpg\" alt=\"Genie\u00dft die Ferien!\" \/>\r\n\t\t\t\t<\/a>\r\n\t\t\t<\/div>\r\n\t\t\t\t\t<div class=\"wpspw-post-categories\"><a href=\"https:\/\/www.fskowi.rwth-aachen.de\/index.php\/category\/allgemein\/\">Allgemein<\/a><\/div>\r\n\t\t\r\n\t\t<h2 class=\"wpspw-post-title\">\r\n\t\t\t<a href=\"https:\/\/www.fskowi.rwth-aachen.de\/index.php\/2025\/12\/28\/geniesst-die-ferien\/\">Genie\u00dft die Ferien!<\/a>\r\n\t\t<\/h2>\r\n\r\n\t\t\t\t\t<div class=\"wpspw-post-date\">\r\n\t\t\t\t\t\t\t\t\t<span>\r\n\t\t\t\t\t\tBy <a href=\"https:\/\/www.fskowi.rwth-aachen.de\/index.php\/author\/malbrecht\/\">malbrecht<\/a>\r\n\t\t\t\t\t<\/span>\r\n\t\t\t\t&nbsp;\/&nbsp;28. Dezember 2025\t\t\t<\/div>\r\n\t\t\t\t\t<div class=\"wpspw-post-content\">\r\n\t\t\t\t\t\t\t\t\t<div>\r\n\t\t\t\t\t\tLiebe Studis, es ist wieder soweit! Die letzten Vorlesungen und Seminare liegen hinter uns und die Winterferien stehen an. Wir...\t\t\t\t\t<\/div>\r\n\t\t\t\t\t<a class=\"wpspw-readmorebtn\" href=\"https:\/\/www.fskowi.rwth-aachen.de\/index.php\/2025\/12\/28\/geniesst-die-ferien\/\">Read More<\/a>\r\n\t\t\t\t\t\t\t<\/div>\r\n\t\t\t<\/div>\r\n<\/div>\r\n<div class=\"wpspw-post-grid wpspw-medium-12 wpspw-columns \">\r\n\t<div class=\"wpspw-post-grid-content  \">\r\n\r\n\t\t\t\t\t<div class=\"wpspw-post-image-bg\">\r\n\t\t\t\t<a href=\"https:\/\/www.fskowi.rwth-aachen.de\/index.php\/2025\/12\/08\/fachschaftsrat-wintersemester-25-26\/\">\r\n\t\t\t\t\t<img decoding=\"async\" src=\"https:\/\/www.fskowi.rwth-aachen.de\/wp-content\/uploads\/2025\/12\/IMG_7320.jpg\" alt=\"Fachschaftsrat Wintersemester 25\/26\" \/>\r\n\t\t\t\t<\/a>\r\n\t\t\t<\/div>\r\n\t\t\t\t\t<div class=\"wpspw-post-categories\"><a href=\"https:\/\/www.fskowi.rwth-aachen.de\/index.php\/category\/allgemein\/\">Allgemein<\/a><\/div>\r\n\t\t\r\n\t\t<h2 class=\"wpspw-post-title\">\r\n\t\t\t<a href=\"https:\/\/www.fskowi.rwth-aachen.de\/index.php\/2025\/12\/08\/fachschaftsrat-wintersemester-25-26\/\">Fachschaftsrat Wintersemester 25\/26<\/a>\r\n\t\t<\/h2>\r\n\r\n\t\t\t\t\t<div class=\"wpspw-post-date\">\r\n\t\t\t\t\t\t\t\t\t<span>\r\n\t\t\t\t\t\tBy <a href=\"https:\/\/www.fskowi.rwth-aachen.de\/index.php\/author\/malbrecht\/\">malbrecht<\/a>\r\n\t\t\t\t\t<\/span>\r\n\t\t\t\t&nbsp;\/&nbsp;8. Dezember 2025\t\t\t<\/div>\r\n\t\t\t\t\t<div class=\"wpspw-post-content\">\r\n\t\t\t\t\t\t\t\t\t<div>\r\n\t\t\t\t\t\tLiebe Studis, am 4.11. habt ihr auf der Vollversammlung den alten Fachschaftsrat entlastet und einen Neuen gew\u00e4hlt. Erreichen k\u00f6nnt ihr...\t\t\t\t\t<\/div>\r\n\t\t\t\t\t<a class=\"wpspw-readmorebtn\" href=\"https:\/\/www.fskowi.rwth-aachen.de\/index.php\/2025\/12\/08\/fachschaftsrat-wintersemester-25-26\/\">Read More<\/a>\r\n\t\t\t\t\t\t\t<\/div>\r\n\t\t\t<\/div>\r\n<\/div>\r\n<div class=\"wpspw-post-grid wpspw-medium-12 wpspw-columns \">\r\n\t<div class=\"wpspw-post-grid-content  \">\r\n\r\n\t\t\t\t\t<div class=\"wpspw-post-image-bg\">\r\n\t\t\t\t<a href=\"https:\/\/www.fskowi.rwth-aachen.de\/index.php\/2025\/12\/08\/reminder-pruefungsanmeldung-2\/\">\r\n\t\t\t\t\t<img decoding=\"async\" src=\"https:\/\/www.fskowi.rwth-aachen.de\/wp-content\/uploads\/2025\/12\/Pruefungsanmeldung-WS25-Reminder.png\" alt=\"Reminder: Pr\u00fcfungsanmeldung\" \/>\r\n\t\t\t\t<\/a>\r\n\t\t\t<\/div>\r\n\t\t\t\t\t<div class=\"wpspw-post-categories\"><a href=\"https:\/\/www.fskowi.rwth-aachen.de\/index.php\/category\/allgemein\/\">Allgemein<\/a><\/div>\r\n\t\t\r\n\t\t<h2 class=\"wpspw-post-title\">\r\n\t\t\t<a href=\"https:\/\/www.fskowi.rwth-aachen.de\/index.php\/2025\/12\/08\/reminder-pruefungsanmeldung-2\/\">Reminder: Pr\u00fcfungsanmeldung<\/a>\r\n\t\t<\/h2>\r\n\r\n\t\t\t\t\t<div class=\"wpspw-post-date\">\r\n\t\t\t\t\t\t\t\t\t<span>\r\n\t\t\t\t\t\tBy <a href=\"https:\/\/www.fskowi.rwth-aachen.de\/index.php\/author\/malbrecht\/\">malbrecht<\/a>\r\n\t\t\t\t\t<\/span>\r\n\t\t\t\t&nbsp;\/&nbsp;8. Dezember 2025\t\t\t<\/div>\r\n\t\t\t\t\t<div class=\"wpspw-post-content\">\r\n\t\t\t\t\t\t\t\t\t<div>\r\n\t\t\t\t\t\tLiebe Studis, seit dem 15.11. laufen die Pr\u00fcfungsanmeldungen!Die Anmeldung zu den Pr\u00fcfungen l\u00e4uft nicht automatisch mit den Anmeldung zu den...\t\t\t\t\t<\/div>\r\n\t\t\t\t\t<a class=\"wpspw-readmorebtn\" href=\"https:\/\/www.fskowi.rwth-aachen.de\/index.php\/2025\/12\/08\/reminder-pruefungsanmeldung-2\/\">Read More<\/a>\r\n\t\t\t\t\t\t\t<\/div>\r\n\t\t\t<\/div>\r\n<\/div>\r\n<div class=\"wpspw-post-grid wpspw-medium-12 wpspw-columns \">\r\n\t<div class=\"wpspw-post-grid-content  \">\r\n\r\n\t\t\t\t\t<div class=\"wpspw-post-image-bg\">\r\n\t\t\t\t<a href=\"https:\/\/www.fskowi.rwth-aachen.de\/index.php\/2025\/12\/02\/weihnachtlicher-spieleabend-lebkuchenhaeuser-bauen\/\">\r\n\t\t\t\t\t<img decoding=\"async\" src=\"https:\/\/www.fskowi.rwth-aachen.de\/wp-content\/uploads\/2025\/12\/thumb-FS-laedt-ein-Dez.-25.png\" alt=\"Weihnachtlicher Spieleabend &amp; Lebkuchenh\u00e4user bauen\" \/>\r\n\t\t\t\t<\/a>\r\n\t\t\t<\/div>\r\n\t\t\t\t\t<div class=\"wpspw-post-categories\"><a href=\"https:\/\/www.fskowi.rwth-aachen.de\/index.php\/category\/allgemein\/\">Allgemein<\/a><\/div>\r\n\t\t\r\n\t\t<h2 class=\"wpspw-post-title\">\r\n\t\t\t<a href=\"https:\/\/www.fskowi.rwth-aachen.de\/index.php\/2025\/12\/02\/weihnachtlicher-spieleabend-lebkuchenhaeuser-bauen\/\">Weihnachtlicher Spieleabend &amp; Lebkuchenh\u00e4user bauen<\/a>\r\n\t\t<\/h2>\r\n\r\n\t\t\t\t\t<div class=\"wpspw-post-date\">\r\n\t\t\t\t\t\t\t\t\t<span>\r\n\t\t\t\t\t\tBy <a href=\"https:\/\/www.fskowi.rwth-aachen.de\/index.php\/author\/malbrecht\/\">malbrecht<\/a>\r\n\t\t\t\t\t<\/span>\r\n\t\t\t\t&nbsp;\/&nbsp;2. Dezember 2025\t\t\t<\/div>\r\n\t\t\t\t\t<div class=\"wpspw-post-content\">\r\n\t\t\t\t\t\t\t\t\t<div>\r\n\t\t\t\t\t\tLiebe Studis, Da die Winterzeit angebrochen ist und auch die Feiertage nicht mehr weit entfernt sind, wollen wir euch noch...\t\t\t\t\t<\/div>\r\n\t\t\t\t\t<a class=\"wpspw-readmorebtn\" href=\"https:\/\/www.fskowi.rwth-aachen.de\/index.php\/2025\/12\/02\/weihnachtlicher-spieleabend-lebkuchenhaeuser-bauen\/\">Read More<\/a>\r\n\t\t\t\t\t\t\t<\/div>\r\n\t\t\t<\/div>\r\n<\/div>\r\n<div class=\"wpspw-post-grid wpspw-medium-12 wpspw-columns \">\r\n\t<div class=\"wpspw-post-grid-content  \">\r\n\r\n\t\t\t\t\t<div class=\"wpspw-post-image-bg\">\r\n\t\t\t\t<a href=\"https:\/\/www.fskowi.rwth-aachen.de\/index.php\/2025\/11\/18\/fachschaft-laedt-ein-zum-oecher-gluehwein-treff-am-27-11\/\">\r\n\t\t\t\t\t<img decoding=\"async\" src=\"https:\/\/www.fskowi.rwth-aachen.de\/wp-content\/uploads\/2025\/11\/Gluehwein-1.jpg\" alt=\"Fachschaft l\u00e4dt ein zum \u00d6cher-Gl\u00fchwein-Treff am 27.11\" \/>\r\n\t\t\t\t<\/a>\r\n\t\t\t<\/div>\r\n\t\t\t\t\t<div class=\"wpspw-post-categories\"><a href=\"https:\/\/www.fskowi.rwth-aachen.de\/index.php\/category\/event-notice\/\">Event Notice<\/a> <a href=\"https:\/\/www.fskowi.rwth-aachen.de\/index.php\/category\/veranstaltungshinweis\/\">Veranstaltungshinweis<\/a><\/div>\r\n\t\t\r\n\t\t<h2 class=\"wpspw-post-title\">\r\n\t\t\t<a href=\"https:\/\/www.fskowi.rwth-aachen.de\/index.php\/2025\/11\/18\/fachschaft-laedt-ein-zum-oecher-gluehwein-treff-am-27-11\/\">Fachschaft l\u00e4dt ein zum \u00d6cher-Gl\u00fchwein-Treff am 27.11<\/a>\r\n\t\t<\/h2>\r\n\r\n\t\t\t\t\t<div class=\"wpspw-post-date\">\r\n\t\t\t\t\t\t\t\t\t<span>\r\n\t\t\t\t\t\tBy <a href=\"https:\/\/www.fskowi.rwth-aachen.de\/index.php\/author\/fwaellisch\/\">fwaellisch<\/a>\r\n\t\t\t\t\t<\/span>\r\n\t\t\t\t&nbsp;\/&nbsp;18. November 2025\t\t\t<\/div>\r\n\t\t\t\t\t<div class=\"wpspw-post-content\">\r\n\t\t\t\t\t\t\t\t\t<div>\r\n\t\t\t\t\t\tLiebe Studis, Der Start in die Aachener Weihnachtsmarkt Zeit steht bevor. Zusammen mit euch wollen wir zum Ausgleich der k\u00e4lter...\t\t\t\t\t<\/div>\r\n\t\t\t\t\t<a class=\"wpspw-readmorebtn\" href=\"https:\/\/www.fskowi.rwth-aachen.de\/index.php\/2025\/11\/18\/fachschaft-laedt-ein-zum-oecher-gluehwein-treff-am-27-11\/\">Read More<\/a>\r\n\t\t\t\t\t\t\t<\/div>\r\n\t\t\t<\/div>\r\n<\/div>\r\n<div class=\"wpspw-post-grid wpspw-medium-12 wpspw-columns \">\r\n\t<div class=\"wpspw-post-grid-content  \">\r\n\r\n\t\t\t\t\t<div class=\"wpspw-post-image-bg\">\r\n\t\t\t\t<a href=\"https:\/\/www.fskowi.rwth-aachen.de\/index.php\/2025\/10\/20\/vollversammlung-am-4-11-25\/\">\r\n\t\t\t\t\t<img decoding=\"async\" src=\"https:\/\/www.fskowi.rwth-aachen.de\/wp-content\/uploads\/2025\/10\/grafik-1.png\" alt=\"Vollversammlung am 4.11.25\" \/>\r\n\t\t\t\t<\/a>\r\n\t\t\t<\/div>\r\n\t\t\t\t\t<div class=\"wpspw-post-categories\"><a href=\"https:\/\/www.fskowi.rwth-aachen.de\/index.php\/category\/allgemein\/\">Allgemein<\/a><\/div>\r\n\t\t\r\n\t\t<h2 class=\"wpspw-post-title\">\r\n\t\t\t<a href=\"https:\/\/www.fskowi.rwth-aachen.de\/index.php\/2025\/10\/20\/vollversammlung-am-4-11-25\/\">Vollversammlung am 4.11.25<\/a>\r\n\t\t<\/h2>\r\n\r\n\t\t\t\t\t<div class=\"wpspw-post-date\">\r\n\t\t\t\t\t\t\t\t\t<span>\r\n\t\t\t\t\t\tBy <a href=\"https:\/\/www.fskowi.rwth-aachen.de\/index.php\/author\/fwaellisch\/\">fwaellisch<\/a>\r\n\t\t\t\t\t<\/span>\r\n\t\t\t\t&nbsp;\/&nbsp;20. Oktober 2025\t\t\t<\/div>\r\n\t\t\t\t\t<div class=\"wpspw-post-content\">\r\n\t\t\t\t\t\t\t\t\t<div>\r\n\t\t\t\t\t\tHallo liebe SpraKos, MTIKler:innen, TKler:innen, Digimons und Psycholog:innen, Am Dienstag den 04.11.2025 findet wie jedes Semester die Fachschaftsvollversammlung statt.Hier k\u00f6nnt...\t\t\t\t\t<\/div>\r\n\t\t\t\t\t<a class=\"wpspw-readmorebtn\" href=\"https:\/\/www.fskowi.rwth-aachen.de\/index.php\/2025\/10\/20\/vollversammlung-am-4-11-25\/\">Read More<\/a>\r\n\t\t\t\t\t\t\t<\/div>\r\n\t\t\t<\/div>\r\n<\/div>\r\n\t\t\t\t\t<\/div>\r\n\r\n\t\n\n\n\n<p><\/p>\n","protected":false},"excerpt":{"rendered":"","protected":false},"author":1,"featured_media":0,"parent":0,"menu_order":0,"comment_status":"closed","ping_status":"closed","template":"","meta":{"colormag_page_container_layout":"default_layout","colormag_page_sidebar_layout":"default_layout","footnotes":""},"class_list":["post-78","page","type-page","status-publish","hentry"],"_links":{"self":[{"href":"https:\/\/www.fskowi.rwth-aachen.de\/index.php\/wp-json\/wp\/v2\/pages\/78","targetHints":{"allow":["GET"]}}],"collection":[{"href":"https:\/\/www.fskowi.rwth-aachen.de\/index.php\/wp-json\/wp\/v2\/pages"}],"about":[{"href":"https:\/\/www.fskowi.rwth-aachen.de\/index.php\/wp-json\/wp\/v2\/types\/page"}],"author":[{"embeddable":true,"href":"https:\/\/www.fskowi.rwth-aachen.de\/index.php\/wp-json\/wp\/v2\/users\/1"}],"replies":[{"embeddable":true,"href":"https:\/\/www.fskowi.rwth-aachen.de\/index.php\/wp-json\/wp\/v2\/comments?post=78"}],"version-history":[{"count":63,"href":"https:\/\/www.fskowi.rwth-aachen.de\/index.php\/wp-json\/wp\/v2\/pages\/78\/revisions"}],"predecessor-version":[{"id":3432,"href":"https:\/\/www.fskowi.rwth-aachen.de\/index.php\/wp-json\/wp\/v2\/pages\/78\/revisions\/3432"}],"wp:attachment":[{"href":"https:\/\/www.fskowi.rwth-aachen.de\/index.php\/wp-json\/wp\/v2\/media?parent=78"}],"curies":[{"name":"wp","href":"https:\/\/api.w.org\/{rel}","templated":true}]}}