{"id":1710,"date":"2019-07-02T17:06:53","date_gmt":"2019-07-02T15:06:53","guid":{"rendered":"https:\/\/www.fskowi.rwth-aachen.de\/?page_id=1710"},"modified":"2025-05-12T22:43:03","modified_gmt":"2025-05-12T20:43:03","slug":"gallerie","status":"publish","type":"page","link":"https:\/\/www.fskowi.rwth-aachen.de\/index.php\/gallerie\/","title":{"rendered":"Galerie"},"content":{"rendered":"\n<div class=\"wp-block-group is-layout-flow wp-block-group-is-layout-flow\"><\/div>\n\n\n\n<p>Eine gr\u00f6\u00dfere Auswahl an Bildern der einzelnen Veranstaltungen k\u00f6nnt ihr in der Fachschaft anschauen. Kommt dazu einfach zu unseren <a href=\"https:\/\/www.fskowi.rwth-aachen.de\/index.php\/sprechstunden\/\">Sprechstundenzeiten<\/a> vorbei. <\/p>\n\n\n\n<p><br>Falls ihr Bilder von euch auf der Homepage findet, mit denen ihr nicht einverstanden seid, kontaktiert uns unter kontakt@fskowi.rwth-aachen.de<\/p>\n\n\n\n<p><\/p>\n","protected":false},"excerpt":{"rendered":"<p>Eine gr\u00f6\u00dfere Auswahl an Bildern der einzelnen Veranstaltungen k\u00f6nnt ihr in der Fachschaft anschauen. Kommt dazu einfach zu unseren Sprechstundenzeiten<\/p>\n","protected":false},"author":1,"featured_media":0,"parent":0,"menu_order":0,"comment_status":"closed","ping_status":"closed","template":"","meta":{"colormag_page_container_layout":"default_layout","colormag_page_sidebar_layout":"default_layout","footnotes":""},"class_list":["post-1710","page","type-page","status-publish","hentry"],"_links":{"self":[{"href":"https:\/\/www.fskowi.rwth-aachen.de\/index.php\/wp-json\/wp\/v2\/pages\/1710","targetHints":{"allow":["GET"]}}],"collection":[{"href":"https:\/\/www.fskowi.rwth-aachen.de\/index.php\/wp-json\/wp\/v2\/pages"}],"about":[{"href":"https:\/\/www.fskowi.rwth-aachen.de\/index.php\/wp-json\/wp\/v2\/types\/page"}],"author":[{"embeddable":true,"href":"https:\/\/www.fskowi.rwth-aachen.de\/index.php\/wp-json\/wp\/v2\/users\/1"}],"replies":[{"embeddable":true,"href":"https:\/\/www.fskowi.rwth-aachen.de\/index.php\/wp-json\/wp\/v2\/comments?post=1710"}],"version-history":[{"count":58,"href":"https:\/\/www.fskowi.rwth-aachen.de\/index.php\/wp-json\/wp\/v2\/pages\/1710\/revisions"}],"predecessor-version":[{"id":15896,"href":"https:\/\/www.fskowi.rwth-aachen.de\/index.php\/wp-json\/wp\/v2\/pages\/1710\/revisions\/15896"}],"wp:attachment":[{"href":"https:\/\/www.fskowi.rwth-aachen.de\/index.php\/wp-json\/wp\/v2\/media?parent=1710"}],"curies":[{"name":"wp","href":"https:\/\/api.w.org\/{rel}","templated":true}]}}